{"id":15907,"date":"2026-01-29T08:48:09","date_gmt":"2026-01-29T07:48:09","guid":{"rendered":"https:\/\/neu.roc-immobilien.com\/informacje-prawne\/"},"modified":"2026-03-30T13:10:36","modified_gmt":"2026-03-30T11:10:36","slug":"informacje-prawne","status":"publish","type":"page","link":"https:\/\/roc-immobilien.com\/pl\/informacje-prawne\/","title":{"rendered":"Informacje prawne"},"content":{"rendered":"\t\t<div data-elementor-type=\"wp-page\" data-elementor-id=\"15907\" class=\"elementor elementor-15907 elementor-12054\" data-elementor-post-type=\"page\">\n\t\t\t\t<div class=\"elementor-element elementor-element-2e78b30 impressum e-flex e-con-boxed rael-particle-no parallax_section_no qode_elementor_container_no e-con e-parent\" data-id=\"2e78b30\" data-element_type=\"container\" data-e-type=\"container\" data-settings=\"{&quot;rae_animations_entrance&quot;:&quot;none&quot;}\">\n\t\t\t\t\t<div class=\"e-con-inner\">\n\t\t\t\t<div class=\"elementor-element elementor-element-3105322 elementor-widget elementor-widget-text-editor\" data-id=\"3105322\" data-element_type=\"widget\" data-e-type=\"widget\" data-widget_type=\"text-editor.default\">\n\t\t\t\t\t\t\t\t\t<h1>Informacje prawne<\/h1><p>ROC Immobilien GmbH<br>Geibelstr. 6<br>12305 Berlin<\/p><p>Rejestr handlowy: HRB 216124 B<br>S\u0105d rejestrowy: S\u0105d Rejonowy Charlottenburg<\/p><p><strong>Reprezentowana przez:<\/strong><br>Robin Dariusz Czyzewski<\/p><h3>Kontakt<\/h3><p>Telefon: 030 \/ 754 393 31-0<br>Faks: 030 \/ 754 393 31-1<br>E-mail: info@roc-immobilien.com<\/p><h3>NIP UE<\/h3><p>Numer identyfikacji podatkowej VAT zgodnie z \u00a7 27a niemieckiej ustawy o podatku VAT (UStG):<br>DE 329307351<\/p><h3>Zg\u0142oszenie dzia\u0142alno\u015bci gospodarczej<\/h3><p>Zezwolenie na prowadzenie dzia\u0142alno\u015bci gospodarczej zgodnie z \u00a7 34c GewO zosta\u0142o wydane dnia 06.05.2020 przez nast\u0119puj\u0105cy organ: Bezirksamt Tempelhof-Sch\u00f6neberg von Berlin.<\/p><h3>Informacje dotycz\u0105ce ubezpieczenia odpowiedzialno\u015bci zawodowej<\/h3><p><strong>Nazwa i siedziba ubezpieczyciela:<\/strong><br>Debeka Allgemeine Versicherung AG<\/p><p><strong>Zakres terytorialny ubezpieczenia:<\/strong><br>Niemcy<\/p><h3>Odpowiedzialno\u015b\u0107 redakcyjna<\/h3><p>Robin Dariusz Czyzewski<\/p><h3>Rozstrzyganie spor\u00f3w konsumenckich\/Uniwersalna instytucja mediacyjna<\/h3><p>Nie jeste\u015bmy gotowi ani zobowi\u0105zani do udzia\u0142u w post\u0119powaniach rozstrzygania spor\u00f3w przed konsumenck\u0105 instytucj\u0105 mediacyjn\u0105.<\/p><h3>Centralny punkt kontaktowy zgodnie z Digital Services Act \u2013 DSA (rozporz\u0105dzenie (UE) 2022\/265)<\/h3><p>Z naszym centralnym punktem kontaktowym dla u\u017cytkownik\u00f3w i organ\u00f3w zgodnie z art. 11, 12 DSA mo\u017cna skontaktowa\u0107 si\u0119 w nast\u0119puj\u0105cy spos\u00f3b:<\/p><p>E-mail: info@roc-immobilien.com <br>Telefon: 030 \/ 754 393 31-0<\/p><p>Dost\u0119pne j\u0119zyki kontaktu: niemiecki, angielski, polski.<\/p><p>\u0179r\u00f3d\u0142o: <a href=\"https:\/\/www.e-recht24.de\/impressum-generator.html\">https:\/\/www.e-recht24.de\/impressum-generator.html<\/a><\/p><h3>Wdro\u017cenie strony internetowej<\/h3><p>Projekt i rozw\u00f3j<br>Agencja projektowa DIGITAL &amp; WIESEN<br><a class=\"ProsemirrorEditor-link\" href=\"https:\/\/www.digitalundwiesen.de\/\" target=\"_blank\" rel=\"noopener\">www.digitalundwiesen.de<\/a><\/p><h3>\u0179r\u00f3d\u0142a zdj\u0119\u0107<\/h3><p>\u00a9 Nikada \u2013 istock.com<br>\u00a9 courtneyk \u2013 istock.com<br>\u00a9 ToucanStudios \u2013 istock.com<br>\u00a9 Halfpoint \u2013 istock.com<br>\u00a9 andresr \u2013 istock.com<br>\u00a9 AzmanJaka \u2013 istock.com<br>\u00a9 querbeet \u2013 istock.com<br>\u00a9 Morsa Images \u2013 istock.com<br>\u00a9 elenaleonova \u2013 istock.com<br>\u00a9 golero \u2013 istock.com<br>\u00a9 jeffbergen \u2013 istock.com<br>\u00a9 Schroptschop \u2013 istock.com<br>\u00a9 Wasan Tita \u2013 istock.com<br>\u00a9 Grand Warszawski\u2013 istock.com<br>\u00a9 draganab\u2013 istock.com<br>\u00a9 Halfpoint\u2013 istock.com<\/p>\t\t\t\t\t\t\t\t<\/div>\n\t\t\t\t\t<\/div>\n\t\t\t\t<\/div>\n\t\t\t\t<\/div>\n\t\t","protected":false},"excerpt":{"rendered":"<p>Informacje prawne ROC Immobilien GmbHGeibelstr. 612305 Berlin Rejestr handlowy: HRB 216124 BS\u0105d rejestrowy: S\u0105d Rejonowy Charlottenburg Reprezentowana przez:Robin Dariusz Czyzewski Kontakt Telefon: 030 \/ 754 393 31-0Faks: 030 \/ 754 393 31-1E-mail: info@roc-immobilien.com NIP UE Numer identyfikacji podatkowej VAT zgodnie z \u00a7 27a niemieckiej ustawy&#8230;<\/p>\n","protected":false},"author":1,"featured_media":0,"parent":0,"menu_order":0,"comment_status":"closed","ping_status":"closed","template":"","meta":{"_acf_changed":false,"footnotes":""},"class_list":["post-15907","page","type-page","status-publish","hentry"],"acf":[],"yoast_head":"<!-- This site is optimized with the Yoast SEO plugin v27.5 - https:\/\/yoast.com\/product\/yoast-seo-wordpress\/ -->\n<title>Informacje prawne - ROC Immobilien<\/title>\n<meta name=\"robots\" content=\"index, follow, max-snippet:-1, max-image-preview:large, max-video-preview:-1\" \/>\n<link rel=\"canonical\" href=\"https:\/\/roc-immobilien.com\/pl\/informacje-prawne\/\" \/>\n<meta property=\"og:locale\" content=\"pl_PL\" \/>\n<meta property=\"og:type\" content=\"article\" \/>\n<meta property=\"og:title\" content=\"Informacje prawne - ROC Immobilien\" \/>\n<meta property=\"og:description\" content=\"Informacje prawne ROC Immobilien GmbHGeibelstr. 612305 Berlin Rejestr handlowy: HRB 216124 BS\u0105d rejestrowy: S\u0105d Rejonowy Charlottenburg Reprezentowana przez:Robin Dariusz Czyzewski Kontakt Telefon: 030 \/ 754 393 31-0Faks: 030 \/ 754 393 31-1E-mail: info@roc-immobilien.com NIP UE Numer identyfikacji podatkowej VAT zgodnie z \u00a7 27a niemieckiej ustawy...\" \/>\n<meta property=\"og:url\" content=\"https:\/\/roc-immobilien.com\/pl\/informacje-prawne\/\" \/>\n<meta property=\"og:site_name\" content=\"ROC Immobilien\" \/>\n<meta property=\"article:modified_time\" content=\"2026-03-30T11:10:36+00:00\" \/>\n<meta name=\"twitter:card\" content=\"summary_large_image\" \/>\n<meta name=\"twitter:label1\" content=\"Szacowany czas czytania\" \/>\n\t<meta name=\"twitter:data1\" content=\"1 minuta\" \/>\n<script type=\"application\/ld+json\" class=\"yoast-schema-graph\">{\"@context\":\"https:\\\/\\\/schema.org\",\"@graph\":[{\"@type\":\"WebPage\",\"@id\":\"https:\\\/\\\/roc-immobilien.com\\\/pl\\\/informacje-prawne\\\/\",\"url\":\"https:\\\/\\\/roc-immobilien.com\\\/pl\\\/informacje-prawne\\\/\",\"name\":\"Informacje prawne - ROC Immobilien\",\"isPartOf\":{\"@id\":\"https:\\\/\\\/roc-immobilien.com\\\/pl\\\/#website\"},\"datePublished\":\"2026-01-29T07:48:09+00:00\",\"dateModified\":\"2026-03-30T11:10:36+00:00\",\"breadcrumb\":{\"@id\":\"https:\\\/\\\/roc-immobilien.com\\\/pl\\\/informacje-prawne\\\/#breadcrumb\"},\"inLanguage\":\"pl-PL\",\"potentialAction\":[{\"@type\":\"ReadAction\",\"target\":[\"https:\\\/\\\/roc-immobilien.com\\\/pl\\\/informacje-prawne\\\/\"]}]},{\"@type\":\"BreadcrumbList\",\"@id\":\"https:\\\/\\\/roc-immobilien.com\\\/pl\\\/informacje-prawne\\\/#breadcrumb\",\"itemListElement\":[{\"@type\":\"ListItem\",\"position\":1,\"name\":\"Start\",\"item\":\"https:\\\/\\\/roc-immobilien.com\\\/pl\\\/\"},{\"@type\":\"ListItem\",\"position\":2,\"name\":\"Informacje prawne\"}]},{\"@type\":\"WebSite\",\"@id\":\"https:\\\/\\\/roc-immobilien.com\\\/pl\\\/#website\",\"url\":\"https:\\\/\\\/roc-immobilien.com\\\/pl\\\/\",\"name\":\"ROC Immobilien\",\"description\":\"\",\"potentialAction\":[{\"@type\":\"SearchAction\",\"target\":{\"@type\":\"EntryPoint\",\"urlTemplate\":\"https:\\\/\\\/roc-immobilien.com\\\/pl\\\/?s={search_term_string}\"},\"query-input\":{\"@type\":\"PropertyValueSpecification\",\"valueRequired\":true,\"valueName\":\"search_term_string\"}}],\"inLanguage\":\"pl-PL\"}]}<\/script>\n<!-- \/ Yoast SEO plugin. -->","yoast_head_json":{"title":"Informacje prawne - ROC Immobilien","robots":{"index":"index","follow":"follow","max-snippet":"max-snippet:-1","max-image-preview":"max-image-preview:large","max-video-preview":"max-video-preview:-1"},"canonical":"https:\/\/roc-immobilien.com\/pl\/informacje-prawne\/","og_locale":"pl_PL","og_type":"article","og_title":"Informacje prawne - ROC Immobilien","og_description":"Informacje prawne ROC Immobilien GmbHGeibelstr. 612305 Berlin Rejestr handlowy: HRB 216124 BS\u0105d rejestrowy: S\u0105d Rejonowy Charlottenburg Reprezentowana przez:Robin Dariusz Czyzewski Kontakt Telefon: 030 \/ 754 393 31-0Faks: 030 \/ 754 393 31-1E-mail: info@roc-immobilien.com NIP UE Numer identyfikacji podatkowej VAT zgodnie z \u00a7 27a niemieckiej ustawy...","og_url":"https:\/\/roc-immobilien.com\/pl\/informacje-prawne\/","og_site_name":"ROC Immobilien","article_modified_time":"2026-03-30T11:10:36+00:00","twitter_card":"summary_large_image","twitter_misc":{"Szacowany czas czytania":"1 minuta"},"schema":{"@context":"https:\/\/schema.org","@graph":[{"@type":"WebPage","@id":"https:\/\/roc-immobilien.com\/pl\/informacje-prawne\/","url":"https:\/\/roc-immobilien.com\/pl\/informacje-prawne\/","name":"Informacje prawne - ROC Immobilien","isPartOf":{"@id":"https:\/\/roc-immobilien.com\/pl\/#website"},"datePublished":"2026-01-29T07:48:09+00:00","dateModified":"2026-03-30T11:10:36+00:00","breadcrumb":{"@id":"https:\/\/roc-immobilien.com\/pl\/informacje-prawne\/#breadcrumb"},"inLanguage":"pl-PL","potentialAction":[{"@type":"ReadAction","target":["https:\/\/roc-immobilien.com\/pl\/informacje-prawne\/"]}]},{"@type":"BreadcrumbList","@id":"https:\/\/roc-immobilien.com\/pl\/informacje-prawne\/#breadcrumb","itemListElement":[{"@type":"ListItem","position":1,"name":"Start","item":"https:\/\/roc-immobilien.com\/pl\/"},{"@type":"ListItem","position":2,"name":"Informacje prawne"}]},{"@type":"WebSite","@id":"https:\/\/roc-immobilien.com\/pl\/#website","url":"https:\/\/roc-immobilien.com\/pl\/","name":"ROC Immobilien","description":"","potentialAction":[{"@type":"SearchAction","target":{"@type":"EntryPoint","urlTemplate":"https:\/\/roc-immobilien.com\/pl\/?s={search_term_string}"},"query-input":{"@type":"PropertyValueSpecification","valueRequired":true,"valueName":"search_term_string"}}],"inLanguage":"pl-PL"}]}},"_links":{"self":[{"href":"https:\/\/roc-immobilien.com\/pl\/wp-json\/wp\/v2\/pages\/15907","targetHints":{"allow":["GET"]}}],"collection":[{"href":"https:\/\/roc-immobilien.com\/pl\/wp-json\/wp\/v2\/pages"}],"about":[{"href":"https:\/\/roc-immobilien.com\/pl\/wp-json\/wp\/v2\/types\/page"}],"author":[{"embeddable":true,"href":"https:\/\/roc-immobilien.com\/pl\/wp-json\/wp\/v2\/users\/1"}],"replies":[{"embeddable":true,"href":"https:\/\/roc-immobilien.com\/pl\/wp-json\/wp\/v2\/comments?post=15907"}],"version-history":[{"count":0,"href":"https:\/\/roc-immobilien.com\/pl\/wp-json\/wp\/v2\/pages\/15907\/revisions"}],"wp:attachment":[{"href":"https:\/\/roc-immobilien.com\/pl\/wp-json\/wp\/v2\/media?parent=15907"}],"curies":[{"name":"wp","href":"https:\/\/api.w.org\/{rel}","templated":true}]}}